{"id":2942,"date":"2021-05-10T11:33:02","date_gmt":"2021-05-10T09:33:02","guid":{"rendered":"https:\/\/trastis.com\/gracies-per-posar-te-en-contacte-amb-nosaltres\/"},"modified":"2022-11-16T11:52:44","modified_gmt":"2022-11-16T09:52:44","slug":"gracias-por-ponerte-en-contacto-con-nosotros","status":"publish","type":"page","link":"https:\/\/trastis.com\/es\/gracias-por-ponerte-en-contacto-con-nosotros\/","title":{"rendered":"\u00a1Gracias por ponerte en contacto con nosotros!"},"content":{"rendered":"\n<div class=\"wp-block-cover alignfull is-light\"><span aria-hidden=\"true\" class=\"wp-block-cover__background has-primary-background-color has-background-dim\"><\/span><img decoding=\"async\" loading=\"lazy\" width=\"2560\" height=\"959\" class=\"wp-block-cover__image-background wp-image-80\" alt=\"\" src=\"https:\/\/i0.wp.com\/trastis.com\/wp-content\/uploads\/2020\/03\/promo-2-scaled.jpg?resize=2560%2C959&#038;quality=89&#038;ssl=1\" style=\"object-position:96% 12%\" data-object-fit=\"cover\" data-object-position=\"96% 12%\" srcset=\"https:\/\/i0.wp.com\/trastis.com\/wp-content\/uploads\/2020\/03\/promo-2-scaled.jpg?w=2560&amp;quality=89&amp;ssl=1 2560w, https:\/\/i0.wp.com\/trastis.com\/wp-content\/uploads\/2020\/03\/promo-2-scaled.jpg?resize=600%2C225&amp;quality=89&amp;ssl=1 600w, https:\/\/i0.wp.com\/trastis.com\/wp-content\/uploads\/2020\/03\/promo-2-scaled.jpg?resize=1280%2C480&amp;quality=89&amp;ssl=1 1280w, https:\/\/i0.wp.com\/trastis.com\/wp-content\/uploads\/2020\/03\/promo-2-scaled.jpg?resize=768%2C288&amp;quality=89&amp;ssl=1 768w, https:\/\/i0.wp.com\/trastis.com\/wp-content\/uploads\/2020\/03\/promo-2-scaled.jpg?resize=1536%2C576&amp;quality=89&amp;ssl=1 1536w, https:\/\/i0.wp.com\/trastis.com\/wp-content\/uploads\/2020\/03\/promo-2-scaled.jpg?resize=2048%2C768&amp;quality=89&amp;ssl=1 2048w\" sizes=\"(max-width: 1000px) 100vw, 1000px\" title=\"\" data-recalc-dims=\"1\"><div class=\"wp-block-cover__inner-container is-layout-flow wp-block-cover-is-layout-flow\">\n<div class=\"wp-block-group has-base-color has-text-color is-layout-constrained wp-container-3 wp-block-group-is-layout-constrained\">\n<div class=\"wp-block-group is-layout-flow wp-block-group-is-layout-flow\">\n<div class=\"wp-block-group is-vertical is-content-justification-center is-layout-flex wp-container-1 wp-block-group-is-layout-flex\" style=\"padding-top:100px;padding-bottom:100px\">\n<h1 class=\"has-text-align-center has-max-48-font-size wp-block-heading\" style=\"font-style:normal;font-weight:700\">\u00a1Gracias por ponerte en contacto con nosotros!<\/h1>\n<\/div>\n<\/div>\n<\/div>\n<\/div><\/div>\n\n\n\n<div class=\"wp-block-group alignfull is-layout-flow wp-block-group-is-layout-flow\">\n<div class=\"wp-block-group is-layout-constrained wp-container-5 wp-block-group-is-layout-constrained\" style=\"padding-top:30px\">\n<h2 class=\"has-text-align-center has-x-large-font-size wp-block-heading\">Hemos registrado con \u00e9xito tu solicitud.<\/h2>\n\n\n\n<p class=\"has-text-align-center\">En breve nos pondremos en contacto contigo.<\/p>\n<\/div>\n<\/div>\n\n\n\n<div class=\"wp-block-group alignfull is-layout-constrained wp-container-20 wp-block-group-is-layout-constrained\">\n<h5 class=\"has-text-align-center has-medium-font-size wp-block-heading\" style=\"margin-bottom:30px;font-style:normal;font-weight:600\"><mark style=\"background-color:rgba(0, 0, 0, 0)\" class=\"has-inline-color has-primary-color\">En Trastis ofrecemos trasteros c\u00e9ntricos con un alto nivel de atenci\u00f3n al cliente, m\u00e1xima seguridad y limpieza de nuestros centros.<\/mark><\/h5>\n\n\n\n<div class=\"wp-block-columns icones is-layout-flex wp-container-19 wp-block-columns-is-layout-flex\">\n<div class=\"wp-block-column is-layout-flow wp-block-column-is-layout-flow\">\n<div class=\"wp-block-group caja-icono is-vertical is-content-justification-center is-layout-flex wp-container-7 wp-block-group-is-layout-flex\" style=\"font-style:normal;font-weight:700\">\n<div class=\"wp-block-outermost-icon-block items-justified-center\"><div class=\"icon-container has-icon-color flip-horizontal\" style=\"color:#6e73b1;width:60px\"><svg viewBox=\"0 0 24 24\" aria-label=\"time\"><path fill=\"currentColor\" d=\"M21,10.12H14.22L16.96,7.3C14.23,4.6 9.81,4.5 7.08,7.2C4.35,9.91 4.35,14.28 7.08,17C9.81,19.7 14.23,19.7 16.96,17C18.32,15.65 19,14.08 19,12.1H21C21,14.08 20.12,16.65 18.36,18.39C14.85,21.87 9.15,21.87 5.64,18.39C2.14,14.92 2.11,9.28 5.62,5.81C9.13,2.34 14.76,2.34 18.27,5.81L21,3V10.12M12.5,8V12.25L16,14.33L15.28,15.54L11,13V8H12.5Z\"><\/path><\/svg><\/div><\/div>\n\n\n\n<p class=\"has-text-align-center\" style=\"font-style:normal;font-weight:500;line-height:1.2\">Acceso<br>24 horas<\/p>\n<\/div>\n<\/div>\n\n\n\n<div class=\"wp-block-column is-layout-flow wp-block-column-is-layout-flow\">\n<div class=\"wp-block-group caja-icono is-vertical is-content-justification-center is-layout-flex wp-container-9 wp-block-group-is-layout-flex\" style=\"font-style:normal;font-weight:700\">\n<div class=\"wp-block-outermost-icon-block items-justified-center\"><div class=\"icon-container has-icon-color flip-horizontal\" style=\"color:#6e73b1;width:60px\"><svg viewBox=\"0 0 24 24\" aria-label=\"map\"><path fill=\"currentColor\" d=\"M12,2C15.31,2 18,4.66 18,7.95C18,12.41 12,19 12,19C12,19 6,12.41 6,7.95C6,4.66 8.69,2 12,2M12,6A2,2 0 0,0 10,8A2,2 0 0,0 12,10A2,2 0 0,0 14,8A2,2 0 0,0 12,6M20,19C20,21.21 16.42,23 12,23C7.58,23 4,21.21 4,19C4,17.71 5.22,16.56 7.11,15.83L7.75,16.74C6.67,17.19 6,17.81 6,18.5C6,19.88 8.69,21 12,21C15.31,21 18,19.88 18,18.5C18,17.81 17.33,17.19 16.25,16.74L16.89,15.83C18.78,16.56 20,17.71 20,19Z\"><\/path><\/svg><\/div><\/div>\n\n\n\n<p class=\"has-text-align-center\" style=\"font-style:normal;font-weight:500;line-height:1.2\">Ubicaci\u00f3n<br>c\u00e9ntrica<\/p>\n<\/div>\n<\/div>\n\n\n\n<div class=\"wp-block-column is-layout-flow wp-block-column-is-layout-flow\">\n<div class=\"wp-block-group is-vertical is-content-justification-center is-layout-flex wp-container-11 wp-block-group-is-layout-flex\" style=\"font-style:normal;font-weight:700\">\n<div class=\"wp-block-outermost-icon-block items-justified-center\"><div class=\"icon-container has-icon-color flip-horizontal\" style=\"color:#6e73b1;width:60px\"><svg viewBox=\"0 0 24 24\" aria-label=\"cameras\"><path fill=\"currentColor\" d=\"M6.03 12.03L8.03 15.5L5.5 18.68L2 12.62L6.03 12.03M17 18V15.29C17.88 14.9 18.5 14.03 18.5 13C18.5 12.43 18.3 11.9 17.97 11.5L19.94 10.35C20.95 9.76 21.3 8.47 20.71 7.46L19.33 5.06C18.74 4.05 17.45 3.7 16.44 4.28L8.31 9C7.36 9.53 7.03 10.75 7.58 11.71L9.08 14.31C9.63 15.26 10.86 15.59 11.81 15.04L13.69 13.96C13.94 14.55 14.41 15.03 15 15.29V18C15 19.1 15.9 20 17 20H22V18H17Z\"><\/path><\/svg><\/div><\/div>\n\n\n\n<p class=\"has-text-align-center\" style=\"font-style:normal;font-weight:500;line-height:1.2\">Videovigilancia<\/p>\n<\/div>\n<\/div>\n\n\n\n<div class=\"wp-block-column is-layout-flow wp-block-column-is-layout-flow\">\n<div class=\"wp-block-group is-vertical is-content-justification-center is-layout-flex wp-container-13 wp-block-group-is-layout-flex\" style=\"font-style:normal;font-weight:700\">\n<div class=\"wp-block-outermost-icon-block items-justified-center\"><div class=\"icon-container has-icon-color flip-horizontal\" style=\"color:#6e73b1;width:60px\"><svg viewBox=\"0 0 24 24\" aria-label=\"space\"><path fill=\"currentColor\" d=\"M9,11H15V8L19,12L15,16V13H9V16L5,12L9,8V11M2,20V4H4V20H2M20,20V4H22V20H20Z\"><\/path><\/svg><\/div><\/div>\n\n\n\n<p class=\"has-text-align-center\" style=\"font-style:normal;font-weight:500;line-height:1.2\">De 1 m2<br>a 8 m2<\/p>\n<\/div>\n<\/div>\n\n\n\n<div class=\"wp-block-column is-layout-flow wp-block-column-is-layout-flow\">\n<div class=\"wp-block-group is-vertical is-content-justification-center is-layout-flex wp-container-15 wp-block-group-is-layout-flex\" style=\"font-style:normal;font-weight:700\">\n<div class=\"wp-block-outermost-icon-block items-justified-center\"><div class=\"icon-container has-icon-color flip-horizontal\" style=\"color:#6e73b1;width:60px\"><svg viewBox=\"0 0 24 24\" aria-label=\"date\"><path fill=\"currentColor\" d=\"M15,13H16.5V15.82L18.94,17.23L18.19,18.53L15,16.69V13M19,8H5V19H9.67C9.24,18.09 9,17.07 9,16A7,7 0 0,1 16,9C17.07,9 18.09,9.24 19,9.67V8M5,21C3.89,21 3,20.1 3,19V5C3,3.89 3.89,3 5,3H6V1H8V3H16V1H18V3H19A2,2 0 0,1 21,5V11.1C22.24,12.36 23,14.09 23,16A7,7 0 0,1 16,23C14.09,23 12.36,22.24 11.1,21H5M16,11.15A4.85,4.85 0 0,0 11.15,16C11.15,18.68 13.32,20.85 16,20.85A4.85,4.85 0 0,0 20.85,16C20.85,13.32 18.68,11.15 16,11.15Z\"><\/path><\/svg><\/div><\/div>\n\n\n\n<p class=\"has-text-align-center\" style=\"font-style:normal;font-weight:500;line-height:1.2\">El tiempo que necesites<\/p>\n<\/div>\n<\/div>\n\n\n\n<div class=\"wp-block-column is-layout-flow wp-block-column-is-layout-flow\">\n<div class=\"wp-block-group is-vertical is-content-justification-center is-layout-flex wp-container-17 wp-block-group-is-layout-flex\" style=\"font-style:normal;font-weight:700\">\n<div class=\"wp-block-outermost-icon-block items-justified-center\"><div class=\"icon-container has-icon-color flip-horizontal\" style=\"color:#6e73b1;width:60px\"><svg viewBox=\"0 0 24 24\" aria-label=\"file-edit-outline\"><path fill=\"currentColor\" d=\"M10 20H6V4H13V9H18V12.1L20 10.1V8L14 2H6C4.9 2 4 2.9 4 4V20C4 21.1 4.9 22 6 22H10V20M20.2 13C20.3 13 20.5 13.1 20.6 13.2L21.9 14.5C22.1 14.7 22.1 15.1 21.9 15.3L20.9 16.3L18.8 14.2L19.8 13.2C19.9 13.1 20 13 20.2 13M20.2 16.9L14.1 23H12V20.9L18.1 14.8L20.2 16.9Z\"><\/path><\/svg><\/div><\/div>\n\n\n\n<p class=\"has-text-align-center\" style=\"font-style:normal;font-weight:500;line-height:1.2\">Contrataci\u00f3n<br>online<\/p>\n<\/div>\n<\/div>\n<\/div>\n<\/div>\n\n\n\n<div class=\"wp-block-group alignwide is-layout-constrained wp-container-21 wp-block-group-is-layout-constrained\" style=\"padding-top:30px;padding-bottom:30px\">\n<div style=\"height:30px\" aria-hidden=\"true\" class=\"wp-block-spacer\"><\/div>\n\n\n\n<div class=\"gb-grid-wrapper gb-grid-wrapper-d20ec313 gb-query-loop-wrapper\"><\/div>\n<\/div>\n","protected":false},"excerpt":{"rendered":"<p>Hemos registrado con \u00e9xito tu solicitud. En breve nos pondremos en contacto contigo. En Trastis ofrecemos trasteros c\u00e9ntricos con un alto nivel de atenci\u00f3n al cliente, m\u00e1xima seguridad y limpieza de nuestros centros. Acceso24 horas Ubicaci\u00f3nc\u00e9ntrica Videovigilancia De 1 m2a 8 m2 El tiempo que necesites Contrataci\u00f3nonline<\/p>\n","protected":false},"author":1,"featured_media":0,"parent":0,"menu_order":27,"comment_status":"closed","ping_status":"closed","template":"","meta":{"footnotes":"","_joinchat":[]},"acf":[],"jetpack_sharing_enabled":true,"_links":{"self":[{"href":"https:\/\/trastis.com\/es\/wp-json\/wp\/v2\/pages\/2942"}],"collection":[{"href":"https:\/\/trastis.com\/es\/wp-json\/wp\/v2\/pages"}],"about":[{"href":"https:\/\/trastis.com\/es\/wp-json\/wp\/v2\/types\/page"}],"author":[{"embeddable":true,"href":"https:\/\/trastis.com\/es\/wp-json\/wp\/v2\/users\/1"}],"replies":[{"embeddable":true,"href":"https:\/\/trastis.com\/es\/wp-json\/wp\/v2\/comments?post=2942"}],"version-history":[{"count":3,"href":"https:\/\/trastis.com\/es\/wp-json\/wp\/v2\/pages\/2942\/revisions"}],"predecessor-version":[{"id":3082,"href":"https:\/\/trastis.com\/es\/wp-json\/wp\/v2\/pages\/2942\/revisions\/3082"}],"wp:attachment":[{"href":"https:\/\/trastis.com\/es\/wp-json\/wp\/v2\/media?parent=2942"}],"curies":[{"name":"wp","href":"https:\/\/api.w.org\/{rel}","templated":true}]}}